{"id":7,"date":"2018-05-25T04:39:02","date_gmt":"2018-05-25T04:39:02","guid":{"rendered":"http:\/\/multipurpose.loc\/hotel\/?page_id=7"},"modified":"2024-10-28T19:53:46","modified_gmt":"2024-10-28T19:53:46","slug":"front-page","status":"publish","type":"page","link":"https:\/\/bosquesdelapradera.com\/","title":{"rendered":"Front page"},"content":{"rendered":"<div class=\"wpb-content-wrapper\"><p>[vc_row full_width=\u00bbstretch_row\u00bb parallax=\u00bbcontent-moving\u00bb shadow_x_offset=\u00bb0&#8243; shadow_y_offset=\u00bb0&#8243; shadow_blur=\u00bb0&#8243; shadow_spread=\u00bb0&#8243; shadow_color=\u00bb\u00bb el_class=\u00bboverlap\u00bb css=\u00bb.vc_custom_1581517353123{margin-top: -160px !important;}\u00bb][vc_column shadow_x_offset=\u00bb0&#8243; shadow_y_offset=\u00bb0&#8243; shadow_blur=\u00bb0&#8243; shadow_spread=\u00bb0&#8243; shadow_color=\u00bb\u00bb offset=\u00bbvc_col-lg-offset-1 vc_col-lg-10 vc_col-md-offset-1 vc_col-md-10 vc_col-xs-12&#8243;][rev_slider_vc alias=\u00bbhome\u00bb][\/vc_column][\/vc_row][vc_row full_width=\u00bbstretch_row\u00bb shadow_x_offset=\u00bb0&#8243; shadow_y_offset=\u00bb0&#8243; shadow_blur=\u00bb0&#8243; shadow_spread=\u00bb0&#8243; shadow_color=\u00bb\u00bb el_class=\u00bboverlap\u00bb][vc_column css_animation=\u00bbnone\u00bb shadow_x_offset=\u00bb0&#8243; shadow_y_offset=\u00bb0&#8243; shadow_blur=\u00bb0&#8243; shadow_spread=\u00bb0&#8243; shadow_color=\u00bbrgba(153,153,153,0.15)\u00bb offset=\u00bbvc_col-lg-offset-0 vc_col-lg-12 vc_col-md-offset-0 vc_col-md-12 vc_col-xs-12&#8243; css=\u00bb.vc_custom_1542870952541{margin-top: -180px !important;padding-right: 0px !important;padding-left: 0px !important;}\u00bb][\/vc_column][\/vc_row][vc_row shadow_x_offset=\u00bb0&#8243; shadow_y_offset=\u00bb0&#8243; shadow_blur=\u00bb0&#8243; shadow_spread=\u00bb0&#8243; shadow_color=\u00bb\u00bb css=\u00bb.vc_custom_1542779757919{margin-top: 100px !important;margin-bottom: 60px !important;}\u00bb][vc_column width=\u00bb1\/3&#8243; shadow_x_offset=\u00bb0&#8243; shadow_y_offset=\u00bb0&#8243; shadow_blur=\u00bb0&#8243; shadow_spread=\u00bb0&#8243; shadow_color=\u00bb\u00bb offset=\u00bbvc_col-lg-4 vc_col-md-6 vc_hidden-xs\u00bb][stm_spacer height=\u00bb60&#8243;][vc_custom_heading text=\u00bbNUESTRA\u00bb font_container=\u00bbtag:h6|font_size:50|text_align:left|color:%23ffad41&#8243; google_fonts=\u00bbfont_family:Montserrat%3Aregular%2C700|font_style:400%20regular%3A400%3Anormal\u00bb css_animation=\u00bbnone\u00bb][stm_spacer height=\u00bb20&#8243;][vc_custom_heading text=\u00bbHistoria\u00bb font_container=\u00bbtag:h3|font_size:48|text_align:left\u00bb use_theme_fonts=\u00bbyes\u00bb css_animation=\u00bbfadeInUp\u00bb css=\u00bb.vc_custom_1581558168028{margin-top: -20px !important;padding-top: 5px !important;}\u00bb][\/vc_column][vc_column width=\u00bb1\/3&#8243;][vc_column_text]<\/p>\n<p align=\"justify\">Bosques de la Pradera es un alojamiento rural ubicado en la cordillera central colombiana, en las monta\u00f1as de Caldas. Estamos en la vereda Alto Bonito, a solo 15 minutos de Manizales. La casa solariega y su entorno han albergado a cinco generaciones y es el centro de una historia de pujanza cafetera y ganadera que desde hace ocho a\u00f1os se abre al encuentro con un ecosistema, donde<\/p>\n<p>[\/vc_column_text][\/vc_column][vc_column width=\u00bb1\/3&#8243;][vc_column_text]<\/p>\n<p align=\"justify\">los \u00e1rboles, las aves, las mariposas, las bellas orqu\u00eddeas y los sorprendentes cactus, se envuelven en el acogedor sonido de la quebrada, los grillos, las ranas y los colores de nuestros paisajes. Es ahora cuando abrimos las puertas de nuestro hogar, para brindar comodidad, descanso y siempre sorprender y llenar sus corazones con la belleza de nuestro entorno.<\/p>\n<p>[\/vc_column_text][\/vc_column][\/vc_row][vc_row full_width=\u00bbstretch_row_content\u00bb parallax=\u00bbcontent-moving\u00bb parallax_image=\u00bb2031&#8243; css_animation=\u00bbfadeInUp\u00bb shadow_x_offset=\u00bb0&#8243; shadow_y_offset=\u00bb0&#8243; shadow_blur=\u00bb0&#8243; shadow_spread=\u00bb0&#8243; shadow_color=\u00bb\u00bb css=\u00bb.vc_custom_1582079169456{margin-top: 0px !important;margin-bottom: 0px !important;padding-top: 55px !important;background-color: #ffffff !important;}\u00bb][vc_column css_animation=\u00bbnone\u00bb shadow_x_offset=\u00bb0&#8243; shadow_y_offset=\u00bb0&#8243; shadow_blur=\u00bb0&#8243; shadow_spread=\u00bb0&#8243; shadow_color=\u00bb\u00bb offset=\u00bbvc_col-lg-offset-1 vc_col-lg-10 vc_col-md-offset-1 vc_col-md-10 vc_col-xs-12&#8243;][stm_spacer height=\u00bb300&#8243;][vc_custom_heading text=\u00bbSOMOS UN HOGAR<br \/>\nen medio de la naturaleza\u00bb font_container=\u00bbtag:h3|font_size:25|text_align:center|color:%23ffffff\u00bb google_fonts=\u00bbfont_family:Montserrat%3Aregular%2C700|font_style:700%20bold%20regular%3A700%3Anormal\u00bb css_animation=\u00bbnone\u00bb css=\u00bb.vc_custom_1582079109985{margin-top: -20px !important;padding-top: 5px !important;}\u00bb][stm_spacer height=\u00bb300&#8243;][\/vc_column][\/vc_row][vc_row full_width=\u00bbstretch_row_content\u00bb css_animation=\u00bbfadeInUp\u00bb shadow_x_offset=\u00bb0&#8243; shadow_y_offset=\u00bb0&#8243; shadow_blur=\u00bb0&#8243; shadow_spread=\u00bb0&#8243; shadow_color=\u00bb\u00bb css=\u00bb.vc_custom_1581397020980{margin-top: 0px !important;margin-bottom: 0px !important;padding-top: 55px !important;background-color: #f5f5f5 !important;}\u00bb][vc_column css_animation=\u00bbnone\u00bb shadow_x_offset=\u00bb0&#8243; shadow_y_offset=\u00bb0&#8243; shadow_blur=\u00bb0&#8243; shadow_spread=\u00bb0&#8243; shadow_color=\u00bb\u00bb offset=\u00bbvc_col-lg-offset-1 vc_col-lg-10 vc_col-md-offset-1 vc_col-md-10 vc_col-xs-12&#8243;][stm_spacer height=\u00bb60&#8243;][vc_custom_heading text=\u00bb\u00a1Queremos que vivas<br \/>\nestas experiencias con nosotros!\u00bb font_container=\u00bbtag:h3|font_size:30|text_align:center\u00bb google_fonts=\u00bbfont_family:Montserrat%3Aregular%2C700|font_style:700%20bold%20regular%3A700%3Anormal\u00bb css=\u00bb.vc_custom_1581557144708{margin-top: -20px !important;padding-top: 5px !important;}\u00bb][stm_spacer height=\u00bb60&#8243;][\/vc_column][\/vc_row][vc_row full_width=\u00bbstretch_row_content_no_spaces\u00bb shadow_x_offset=\u00bb0&#8243; shadow_y_offset=\u00bb0&#8243; shadow_blur=\u00bb0&#8243; shadow_spread=\u00bb0&#8243; shadow_color=\u00bb\u00bb css=\u00bb.vc_custom_1581462518843{margin-right: 15px !important;margin-left: 12px !important;}\u00bb][vc_column width=\u00bb1\/2&#8243; shadow_x_offset=\u00bb0&#8243; shadow_y_offset=\u00bb0&#8243; shadow_blur=\u00bb0&#8243; shadow_spread=\u00bb0&#8243; shadow_color=\u00bb\u00bb offset=\u00bbvc_col-lg-3 vc_col-md-6 vc_col-xs-12&#8243;][stm_info_box icon_size=\u00bb79&#8243; style=\u00bbstyle_2&#8243; title=\u00bbAves\u00bb image=\u00bb1560&#8243;]<span style=\"font-weight: 400;\">Contamos con 155 especies de aves identificadas y el n\u00famero va aumentando a medida que nuestro proyecto de reforestaci\u00f3n madura.<\/span>[\/stm_info_box][\/vc_column][vc_column width=\u00bb1\/2&#8243; shadow_x_offset=\u00bb0&#8243; shadow_y_offset=\u00bb0&#8243; shadow_blur=\u00bb0&#8243; shadow_spread=\u00bb0&#8243; shadow_color=\u00bb\u00bb offset=\u00bbvc_col-lg-3 vc_col-md-6 vc_col-xs-12&#8243;][stm_info_box icon_size=\u00bb84&#8243; style=\u00bbstyle_2&#8243; title=\u00bbPlantas\u00bb image=\u00bb1564&#8243;]<span style=\"font-weight: 400;\">En nuestros senderos e invernaderos podr\u00e1s encontrar 3 mil individuos de orqu\u00eddeas, entre especies e h\u00edbridos de todo el mundo. Contamos con 4 invernaderos dedicados a suculentas, cactus y orqu\u00eddeas.<\/span>[\/stm_info_box][\/vc_column][vc_column width=\u00bb1\/2&#8243; shadow_x_offset=\u00bb0&#8243; shadow_y_offset=\u00bb0&#8243; shadow_blur=\u00bb0&#8243; shadow_spread=\u00bb0&#8243; shadow_color=\u00bb\u00bb offset=\u00bbvc_col-lg-3 vc_col-md-6 vc_col-xs-12&#8243;][stm_info_box icon_size=\u00bb80&#8243; style=\u00bbstyle_2&#8243; title=\u00bbMariposas\u00bb image=\u00bb1575&#8243;]<span style=\"font-weight: 400;\">Nos visitan aproximadamente 350 especies, las puedes encontrar en los jardines que rodean la casa, durante el recorrido por el sendero y especialmente cerca al r\u00edo.<\/span>[\/stm_info_box][\/vc_column][vc_column width=\u00bb1\/2&#8243; shadow_x_offset=\u00bb0&#8243; shadow_y_offset=\u00bb0&#8243; shadow_blur=\u00bb0&#8243; shadow_spread=\u00bb0&#8243; shadow_color=\u00bb\u00bb offset=\u00bbvc_col-lg-3 vc_col-md-6 vc_col-xs-12&#8243;][stm_info_box icon_size=\u00bb80&#8243; style=\u00bbstyle_2&#8243; title=\u00bbQuebrada\u00bb image=\u00bb1706&#8243;]Luego de un recorrido en medio de \u00e1rboles, todo tipo de plantas, aves y mariposas podr\u00e1s llegar a la quebrada <em>El Boh\u00edo<\/em> donde podr\u00e1s disfrutar de sus aguas cristalinas y un momento de descanso.[\/stm_info_box][\/vc_column][\/vc_row][vc_row parallax=\u00bbcontent-moving\u00bb css_animation=\u00bbfadeInUp\u00bb stm_parallax=\u00bbenable\u00bb shadow_x_offset=\u00bb0&#8243; shadow_y_offset=\u00bb0&#8243; shadow_blur=\u00bb0&#8243; shadow_spread=\u00bb0&#8243; shadow_color=\u00bb\u00bb css=\u00bb.vc_custom_1581516937924{margin-top: 50px !important;margin-bottom: 50px !important;background-color: #f5f5f5 !important;}\u00bb][vc_column width=\u00bb1\/2&#8243; shadow_x_offset=\u00bb0&#8243; shadow_y_offset=\u00bb0&#8243; shadow_blur=\u00bb0&#8243; shadow_spread=\u00bb0&#8243; shadow_color=\u00bb\u00bb offset=\u00bbvc_col-lg-8 vc_col-md-12&#8243;][stm_spacer height=\u00bb30&#8243;][stm_carousel_gallery images_effect=\u00bb0&#8243; retina=\u00bbenable\u00bb images_margin=\u00bb10&#8243; navigation=\u00bbdisable\u00bb thumbnails=\u00bbdisable\u00bb description=\u00bbdisable\u00bb pagination=\u00bbdisable\u00bb images=\u00bb1598,1792,1619,1618,1604,1617,1606,1616,1615,1614,1608,1613,1605,1612,1611,1610,1609,1607,1602,1601,1600,1599&#8243; image_size=\u00bbfull\u00bb css=\u00bb.vc_custom_1581606457679{padding-left: 30px !important;}\u00bb][stm_spacer height=\u00bb30&#8243;][\/vc_column][vc_column width=\u00bb1\/2&#8243; shadow_x_offset=\u00bb0&#8243; shadow_y_offset=\u00bb0&#8243; shadow_blur=\u00bb0&#8243; shadow_spread=\u00bb0&#8243; shadow_color=\u00bb\u00bb offset=\u00bbvc_col-lg-4 vc_col-md-6&#8243; css=\u00bb.vc_custom_1581606408895{padding-right: 30px !important;}\u00bb][stm_spacer height=\u00bb30&#8243;][vc_column_text]<span style=\"font-size: 22px;\"><b>Descubre la magia que <\/b><\/span><span style=\"font-size: 22px;\"><b>esconde nuestro hogar<\/b><\/span><\/p>\n<p align=\"justify\"><span style=\"font-size: 14px;\">Gracias a sus ecosistemas y climas variados, Colombia est\u00e1 dentro de los primeros pa\u00edses con mayor n\u00famero de especies de aves, orqu\u00eddeas y mariposas. Particularmente la regi\u00f3n Andina, lugar donde nos ubicamos, cuenta con gran cantidad de especies y lugares maravillosos por conocer.<\/span><\/p>\n<p align=\"justify\"><span style=\"font-size: 14px;\">Por eso en Bosques de la Pradera tenemos el firme compromiso con la protecci\u00f3n de nuestro ambiente y la naturaleza, de ah\u00ed que nuestro proyecto de reforestaci\u00f3n siempre est\u00e1 en expansi\u00f3n, ya que tenemos la visi\u00f3n de poder proteger cada vez m\u00e1s terreno y devolverle su riqueza de anta\u00f1o.<\/span><\/p>\n<p align=\"justify\"><span style=\"font-size: 18px;\"><b>Este es un lugar para descubrir, explorar y amar lo que nos rodea. \u00a1Vive la Naturaleza con nosotros!<\/b><\/span><\/p>\n<p>[\/vc_column_text][\/vc_column][\/vc_row][vc_row full_width=\u00bbstretch_row_content_no_spaces\u00bb shadow_x_offset=\u00bb0&#8243; shadow_y_offset=\u00bb0&#8243; shadow_blur=\u00bb0&#8243; shadow_spread=\u00bb0&#8243; shadow_color=\u00bb\u00bb css=\u00bb.vc_custom_1542197278410{margin-top: 70px !important;margin-bottom: 70px !important;}\u00bb][vc_column]\n\t\t\t<!-- START frankfurt REVOLUTION SLIDER 6.1.5 --><p class=\"rs-p-wp-fix\"><\/p>\n\t\t\t<rs-module-wrap id=\"rev_slider_2_1_wrapper\" data-source=\"gallery\" style=\"background:transparent;padding:0;margin:0px auto;margin-top:0;margin-bottom:0;max-width:\">\n\t\t\t\t<rs-module id=\"rev_slider_2_1\" style=\"display:none;\" data-version=\"6.1.5\">\n\t\t\t\t\t<rs-slides>\n\t\t\t\t\t\t<rs-slide data-key=\"rs-2\" data-title=\"Slide\" data-anim=\"ei:d;eo:d;s:600;r:0;t:fade;sl:d;\">\n\t\t\t\t\t\t\t<img loading=\"lazy\" decoding=\"async\" src=\"\/\/bosquesdelapradera.com\/wp-content\/uploads\/2020\/02\/2-1.jpg\" width=\"1334\" height=\"888\" class=\"rev-slidebg\" data-no-retina>\n<!--\n\t\t\t\t\t\t\t--><rs-layer\n\t\t\t\t\t\t\t\tid=\"slider-2-slide-2-layer-1\" \n\t\t\t\t\t\t\t\tclass=\"tp-shape tp-shapewrapper\"\n\t\t\t\t\t\t\t\tdata-type=\"shape\"\n\t\t\t\t\t\t\t\tdata-rsp_ch=\"on\"\n\t\t\t\t\t\t\t\tdata-xy=\"x:r;xo:0,0,0,-11px;y:m;yo:0,10px,10px,10px;\"\n\t\t\t\t\t\t\t\tdata-text=\"a:inherit;\"\n\t\t\t\t\t\t\t\tdata-dim=\"w:960px,1021px,777px,509px;h:100%,100%,100%,742px;\"\n\t\t\t\t\t\t\t\tdata-vbility=\"t,f,t,t\"\n\t\t\t\t\t\t\t\tdata-frame_0=\"tp:600;\"\n\t\t\t\t\t\t\t\tdata-frame_1=\"tp:600;sR:10;\"\n\t\t\t\t\t\t\t\tdata-frame_999=\"o:0;tp:600;st:w;sR:8690;\"\n\t\t\t\t\t\t\t\tstyle=\"z-index:5;background-color:rgba(0,0,0,0.75);\"\n\t\t\t\t\t\t\t> \n\t\t\t\t\t\t\t<\/rs-layer><!--\n\n\t\t\t\t\t\t\t--><rs-layer\n\t\t\t\t\t\t\t\tid=\"slider-2-slide-2-layer-2\" \n\t\t\t\t\t\t\t\tdata-type=\"text\"\n\t\t\t\t\t\t\t\tdata-rsp_ch=\"on\"\n\t\t\t\t\t\t\t\tdata-xy=\"x:c,c,c,l;xo:270px,0,-11px,27px;y:b,m,m,m;yo:448px,-200px,-190px,-242px;\"\n\t\t\t\t\t\t\t\tdata-text=\"s:33,48,48,35;l:42,60,60,44;fw:700;a:inherit;\"\n\t\t\t\t\t\t\t\tdata-frame_0=\"tp:600;\"\n\t\t\t\t\t\t\t\tdata-frame_1=\"tp:600;sR:10;\"\n\t\t\t\t\t\t\t\tdata-frame_999=\"o:0;tp:600;st:w;sR:8690;\"\n\t\t\t\t\t\t\t\tstyle=\"z-index:7;font-family:Montserrat;\"\n\t\t\t\t\t\t\t>Disfruta de un d\u00eda en <\/br> medio del bosque \n\t\t\t\t\t\t\t<\/rs-layer><!--\n\n\t\t\t\t\t\t\t--><rs-layer\n\t\t\t\t\t\t\t\tid=\"slider-2-slide-2-layer-3\" \n\t\t\t\t\t\t\t\tdata-type=\"text\"\n\t\t\t\t\t\t\t\tdata-rsp_ch=\"on\"\n\t\t\t\t\t\t\t\tdata-xy=\"x:c,c,c,l;xo:371px,-20px,-1px,27px;y:t,m,m,m;yo:205px,0,12px,-82px;\"\n\t\t\t\t\t\t\t\tdata-text=\"s:19,16,18,13;l:29,30,30,24;fw:300;a:left,inherit,inherit,inherit;\"\n\t\t\t\t\t\t\t\tdata-dim=\"w:563.0100502512563px,auto,auto,auto;\"\n\t\t\t\t\t\t\t\tdata-frame_0=\"tp:600;\"\n\t\t\t\t\t\t\t\tdata-frame_1=\"tp:600;sR:10;\"\n\t\t\t\t\t\t\t\tdata-frame_999=\"o:0;tp:600;st:w;sR:8690;\"\n\t\t\t\t\t\t\t\tstyle=\"z-index:8;font-family:Montserrat;\"\n\t\t\t\t\t\t\t>Nuestros pasad\u00edas incluyen:\n<\/br>\n\u00b7 Desayuno\n<\/br> \n\u00b7 Acompa\u00f1amiento al recorrido por el sendero, invernadero,\n<\/br> y jardines en donde podr\u00e1s disfrutar de la observaci\u00f3n de aves, \n<\/br>\nmariposas y orqu\u00eddeas\n<\/br>\n\u00b7 Piscina y Jacuzzi climatizado\n<\/br>\n\u00b7 Bebidas del d\u00eda\n<\/br>\n\u00b7 Uso de los espacios para actividades de bienestar (kiosko, bosque, <\/br>piscina natural). \n\t\t\t\t\t\t\t<\/rs-layer><!--\n\n\t\t\t\t\t\t\t--><rs-layer\n\t\t\t\t\t\t\t\tid=\"slider-2-slide-2-layer-4\" \n\t\t\t\t\t\t\t\tdata-type=\"text\"\n\t\t\t\t\t\t\t\tdata-color=\"rgba(193, 155, 118, 0.6)\"\n\t\t\t\t\t\t\t\tdata-rsp_ch=\"on\"\n\t\t\t\t\t\t\t\tdata-xy=\"x:c;xo:255px,0,0,0;y:m;yo:-183px,-180px,-180px,-180px;\"\n\t\t\t\t\t\t\t\tdata-text=\"s:150;l:18;a:inherit;\"\n\t\t\t\t\t\t\t\tdata-frame_0=\"tp:600;\"\n\t\t\t\t\t\t\t\tdata-frame_1=\"tp:600;sR:10;\"\n\t\t\t\t\t\t\t\tdata-frame_999=\"o:0;tp:600;st:w;sR:8690;\"\n\t\t\t\t\t\t\t\tstyle=\"z-index:6;font-family:Herr Von Muellerhoff;\"\n\t\t\t\t\t\t\t> \n\t\t\t\t\t\t\t<\/rs-layer><!--\n-->\t\t\t\t\t\t<\/rs-slide>\n\t\t\t\t\t<\/rs-slides>\n\t\t\t\t\t<rs-progress class=\"rs-bottom\" style=\"visibility: hidden !important;\"><\/rs-progress>\n\t\t\t\t<\/rs-module>\n\t\t\t\t<script type=\"text\/javascript\">\n\t\t\t\t\tsetREVStartSize({c: 'rev_slider_2_1',rl:[1240,1024,778,480],el:[600,600,960,720],gw:[1920,1024,778,480],gh:[600,600,960,720],layout:'fullwidth',mh:\"0\"});\n\t\t\t\t\tvar\trevapi2,\n\t\t\t\t\t\ttpj;\n\t\t\t\t\tjQuery(function() {\n\t\t\t\t\t\ttpj = jQuery;\n\t\t\t\t\t\tif(tpj(\"#rev_slider_2_1\").revolution == undefined){\n\t\t\t\t\t\t\trevslider_showDoubleJqueryError(\"#rev_slider_2_1\");\n\t\t\t\t\t\t}else{\n\t\t\t\t\t\t\trevapi2 = tpj(\"#rev_slider_2_1\").show().revolution({\n\t\t\t\t\t\t\t\tjsFileLocation:\"\/\/bosquesdelapradera.com\/wp-content\/plugins\/revslider\/public\/assets\/js\/\",\n\t\t\t\t\t\t\t\tvisibilityLevels:\"1240,1024,778,480\",\n\t\t\t\t\t\t\t\tgridwidth:\"1920,1024,778,480\",\n\t\t\t\t\t\t\t\tgridheight:\"600,600,960,720\",\n\t\t\t\t\t\t\t\tminHeight:\"\",\n\t\t\t\t\t\t\t\tspinner:\"spinner0\",\n\t\t\t\t\t\t\t\teditorheight:\"600,600,960,720\",\n\t\t\t\t\t\t\t\tresponsiveLevels:\"1240,1024,778,480\",\n\t\t\t\t\t\t\t\tdisableProgressBar:\"on\",\n\t\t\t\t\t\t\t\tnavigation: {\n\t\t\t\t\t\t\t\t\tonHoverStop:false\n\t\t\t\t\t\t\t\t},\n\t\t\t\t\t\t\t\tfallbacks: {\n\t\t\t\t\t\t\t\t\tallowHTML5AutoPlayOnAndroid:true\n\t\t\t\t\t\t\t\t},\n\t\t\t\t\t\t\t});\n\t\t\t\t\t\t}\n\t\t\t\t\t\t\n\t\t\t\t\t});\n\t\t\t\t<\/script>\n\t\t\t<\/rs-module-wrap>\n\t\t\t<!-- END REVOLUTION SLIDER -->\n[\/vc_column][\/vc_row][vc_row full_width=\u00bbstretch_row_content\u00bb shadow_x_offset=\u00bb0&#8243; shadow_y_offset=\u00bb0&#8243; shadow_blur=\u00bb0&#8243; shadow_spread=\u00bb0&#8243; shadow_color=\u00bb\u00bb css=\u00bb.vc_custom_1581560654431{margin-top: 70px !important;margin-bottom: 70px !important;padding-top: 65px !important;}\u00bb el_id=\u00bbhospedaje\u00bb][vc_column css_animation=\u00bbnone\u00bb shadow_x_offset=\u00bb0&#8243; shadow_y_offset=\u00bb0&#8243; shadow_blur=\u00bb0&#8243; shadow_spread=\u00bb0&#8243; shadow_color=\u00bb\u00bb offset=\u00bbvc_col-lg-offset-1 vc_col-lg-10 vc_col-md-offset-1 vc_col-md-10 vc_col-xs-12&#8243;][vc_custom_heading text=\u00bb\u00bb font_container=\u00bbtag:h6|font_size:140|text_align:center|color:%23e8d0b8&#8243; google_fonts=\u00bbfont_family:Herr%20Von%20Muellerhoff%3Aregular|font_style:400%20regular%3A400%3Anormal\u00bb][vc_custom_heading text=\u00bbHospedaje\u00bb font_container=\u00bbtag:h3|font_size:35|text_align:center\u00bb google_fonts=\u00bbfont_family:Montserrat%3Aregular%2C700|font_style:700%20bold%20regular%3A700%3Anormal\u00bb css=\u00bb.vc_custom_1581559542734{margin-top: -20px !important;padding-top: 5px !important;}\u00bb][vc_empty_space height=\u00bb50px\u00bb][stm_wp_hotelier_selective_rooms_carousel per_row=\u00bb3&#8243;][\/vc_column][\/vc_row][vc_row full_width=\u00bbstretch_row_content\u00bb parallax=\u00bbcontent-moving\u00bb parallax_image=\u00bb2010&#8243; css_animation=\u00bbnone\u00bb shadow_x_offset=\u00bb0&#8243; shadow_y_offset=\u00bb0&#8243; shadow_blur=\u00bb0&#8243; shadow_spread=\u00bb0&#8243; shadow_color=\u00bb\u00bb css=\u00bb.vc_custom_1581900018367{margin-top: 0px !important;margin-bottom: 0px !important;padding-top: 55px !important;background-color: #ffffff !important;}\u00bb][vc_column css_animation=\u00bbnone\u00bb shadow_x_offset=\u00bb0&#8243; shadow_y_offset=\u00bb0&#8243; shadow_blur=\u00bb0&#8243; shadow_spread=\u00bb0&#8243; shadow_color=\u00bb\u00bb offset=\u00bbvc_col-lg-offset-1 vc_col-lg-10 vc_col-md-offset-1 vc_col-md-10 vc_col-xs-12&#8243;][stm_spacer height=\u00bb300&#8243;][vc_btn title=\u00bbReservas\u00bb color=\u00bbwarning\u00bb size=\u00bblg\u00bb align=\u00bbcenter\u00bb css_animation=\u00bbfadeInUp\u00bb link=\u00bburl:https%3A%2F%2Fbosquesdelapradera.com%2Fcontact-us%2F||target:%20_blank|\u00bb][stm_spacer height=\u00bb300&#8243;][\/vc_column][\/vc_row][vc_row full_width=\u00bbstretch_row_content_no_spaces\u00bb shadow_x_offset=\u00bb0&#8243; shadow_y_offset=\u00bb0&#8243; shadow_blur=\u00bb0&#8243; shadow_spread=\u00bb0&#8243; shadow_color=\u00bb\u00bb css=\u00bb.vc_custom_1581606104310{margin-top: 100px !important;margin-bottom: 40px !important;background-color: #ede595 !important;}\u00bb][vc_column css_animation=\u00bbfadeInUp\u00bb shadow_x_offset=\u00bb0&#8243; shadow_y_offset=\u00bb0&#8243; shadow_blur=\u00bb0&#8243; shadow_spread=\u00bb0&#8243;][vc_custom_heading text=\u00bb\u00bb font_container=\u00bbtag:h6|font_size:120|text_align:center|color:%23e8d0b8&#8243; google_fonts=\u00bbfont_family:Herr%20Von%20Muellerhoff%3Aregular|font_style:400%20regular%3A400%3Anormal\u00bb][vc_custom_heading text=\u00bb\u00bb font_container=\u00bbtag:h3|font_size:35|text_align:center\u00bb google_fonts=\u00bbfont_family:Montserrat%3Aregular%2C700|font_style:700%20bold%20regular%3A700%3Anormal\u00bb css=\u00bb.vc_custom_1581605976574{margin-top: -20px !important;padding-top: 5px !important;}\u00bb][vc_empty_space height=\u00bb50px\u00bb][vc_row_inner][vc_column_inner width=\u00bb1\/4&#8243;][\/vc_column_inner][vc_column_inner width=\u00bb1\/2&#8243;][stm_testimonials number_row=\u00bb1&#8243; crop=\u00bb120&#8243; center_mode=\u00bbtrue\u00bb bullets=\u00bbfalse\u00bb arrows=\u00bbtrue\u00bb style=\u00bbstyle_3&#8243;][\/vc_column_inner][vc_column_inner width=\u00bb1\/4&#8243;][\/vc_column_inner][\/vc_row_inner][\/vc_column][\/vc_row][vc_row full_width=\u00bbstretch_row_content_no_spaces\u00bb shadow_x_offset=\u00bb0&#8243; shadow_y_offset=\u00bb0&#8243; shadow_blur=\u00bb0&#8243; shadow_spread=\u00bb0&#8243; shadow_color=\u00bb\u00bb css=\u00bb.vc_custom_1542191796266{margin-bottom: -100px !important;}\u00bb][vc_column][vc_column_text][instagram-feed][\/vc_column_text][\/vc_column][\/vc_row][vc_row][vc_column][vc_column_text][\/vc_column_text][\/vc_column][\/vc_row][vc_row][vc_column][vc_empty_space][\/vc_column][\/vc_row]<\/p>\n<\/div>","protected":false},"excerpt":{"rendered":"<p>[vc_row full_width=\u00bbstretch_row\u00bb parallax=\u00bbcontent-moving\u00bb shadow_x_offset=\u00bb0&#8243; shadow_y_offset=\u00bb0&#8243; shadow_blur=\u00bb0&#8243; shadow_spread=\u00bb0&#8243; shadow_color=\u00bb\u00bb el_class=\u00bboverlap\u00bb css=\u00bb.vc_custom_1581517353123{margin-top: -160px !important;}\u00bb][vc_column shadow_x_offset=\u00bb0&#8243; shadow_y_offset=\u00bb0&#8243; shadow_blur=\u00bb0&#8243; shadow_spread=\u00bb0&#8243; shadow_color=\u00bb\u00bb offset=\u00bbvc_col-lg-offset-1 vc_col-lg-10 vc_col-md-offset-1 vc_col-md-10 vc_col-xs-12&#8243;][rev_slider_vc alias=\u00bbhome\u00bb][\/vc_column][\/vc_row][vc_row full_width=\u00bbstretch_row\u00bb shadow_x_offset=\u00bb0&#8243; shadow_y_offset=\u00bb0&#8243; shadow_blur=\u00bb0&#8243; shadow_spread=\u00bb0&#8243; shadow_color=\u00bb\u00bb el_class=\u00bboverlap\u00bb][vc_column css_animation=\u00bbnone\u00bb shadow_x_offset=\u00bb0&#8243; shadow_y_offset=\u00bb0&#8243; shadow_blur=\u00bb0&#8243; shadow_spread=\u00bb0&#8243; shadow_color=\u00bbrgba(153,153,153,0.15)\u00bb offset=\u00bbvc_col-lg-offset-0 vc_col-lg-12 vc_col-md-offset-0 vc_col-md-12 vc_col-xs-12&#8243; css=\u00bb.vc_custom_1542870952541{margin-top: -180px !important;padding-right: 0px !important;padding-left: 0px !important;}\u00bb][\/vc_column][\/vc_row][vc_row shadow_x_offset=\u00bb0&#8243; shadow_y_offset=\u00bb0&#8243; shadow_blur=\u00bb0&#8243; shadow_spread=\u00bb0&#8243; shadow_color=\u00bb\u00bb css=\u00bb.vc_custom_1542779757919{margin-top: 100px [&hellip;]<\/p>\n","protected":false},"author":1,"featured_media":0,"parent":0,"menu_order":0,"comment_status":"closed","ping_status":"closed","template":"","meta":{"footnotes":""},"class_list":["post-7","page","type-page","status-publish","hentry"],"_links":{"self":[{"href":"https:\/\/bosquesdelapradera.com\/index.php?rest_route=\/wp\/v2\/pages\/7","targetHints":{"allow":["GET"]}}],"collection":[{"href":"https:\/\/bosquesdelapradera.com\/index.php?rest_route=\/wp\/v2\/pages"}],"about":[{"href":"https:\/\/bosquesdelapradera.com\/index.php?rest_route=\/wp\/v2\/types\/page"}],"author":[{"embeddable":true,"href":"https:\/\/bosquesdelapradera.com\/index.php?rest_route=\/wp\/v2\/users\/1"}],"replies":[{"embeddable":true,"href":"https:\/\/bosquesdelapradera.com\/index.php?rest_route=%2Fwp%2Fv2%2Fcomments&post=7"}],"version-history":[{"count":276,"href":"https:\/\/bosquesdelapradera.com\/index.php?rest_route=\/wp\/v2\/pages\/7\/revisions"}],"predecessor-version":[{"id":2129,"href":"https:\/\/bosquesdelapradera.com\/index.php?rest_route=\/wp\/v2\/pages\/7\/revisions\/2129"}],"wp:attachment":[{"href":"https:\/\/bosquesdelapradera.com\/index.php?rest_route=%2Fwp%2Fv2%2Fmedia&parent=7"}],"curies":[{"name":"wp","href":"https:\/\/api.w.org\/{rel}","templated":true}]}}